{"id":57,"date":"2025-06-15T09:11:47","date_gmt":"2025-06-15T09:11:47","guid":{"rendered":"https:\/\/revodefence.com\/?page_id=57"},"modified":"2025-06-15T09:18:37","modified_gmt":"2025-06-15T09:18:37","slug":"about","status":"publish","type":"page","link":"https:\/\/revodefence.com\/?page_id=57","title":{"rendered":"ABOUT"},"content":{"rendered":"<p>REVO DEFENCE, savunma sanayii ba\u015fta olmak \u00fczere bir\u00e7ok y\u00fcksek teknoloji alan\u0131nda<br \/>\nelektronik komponentlerin profesyonel proje tasar\u0131mlar\u0131yla bulu\u015ftu\u011fu \u00f6nc\u00fc bir firmad\u0131r.<br \/>\nY\u0131llar\u0131n tecr\u00fcbesiyle, her biri alan\u0131nda uzman m\u00fchendis kadrosu sayesinde,<br \/>\nkritik sistemler i\u00e7in g\u00fcvenilir, fonksiyonel ve yenilik\u00e7i \u00e7\u00f6z\u00fcmler sunar.<\/p>\n","protected":false},"excerpt":{"rendered":"<p>REVO DEFENCE, savunma sanayii ba\u015fta olmak \u00fczere bir\u00e7ok y\u00fcksek teknoloji alan\u0131nda elektronik komponentlerin profesyonel proje tasar\u0131mlar\u0131yla bulu\u015ftu\u011fu \u00f6nc\u00fc bir firmad\u0131r. Y\u0131llar\u0131n tecr\u00fcbesiyle, her biri alan\u0131nda uzman m\u00fchendis kadrosu sayesinde, kritik sistemler i\u00e7in g\u00fcvenilir, fonksiyonel ve yenilik\u00e7i \u00e7\u00f6z\u00fcmler sunar.<\/p>\n","protected":false},"author":1,"featured_media":0,"parent":0,"menu_order":0,"comment_status":"closed","ping_status":"closed","template":"template-full-width.php","meta":{"footnotes":""},"class_list":["post-57","page","type-page","status-publish","hentry"],"_links":{"self":[{"href":"https:\/\/revodefence.com\/index.php?rest_route=\/wp\/v2\/pages\/57","targetHints":{"allow":["GET"]}}],"collection":[{"href":"https:\/\/revodefence.com\/index.php?rest_route=\/wp\/v2\/pages"}],"about":[{"href":"https:\/\/revodefence.com\/index.php?rest_route=\/wp\/v2\/types\/page"}],"author":[{"embeddable":true,"href":"https:\/\/revodefence.com\/index.php?rest_route=\/wp\/v2\/users\/1"}],"replies":[{"embeddable":true,"href":"https:\/\/revodefence.com\/index.php?rest_route=%2Fwp%2Fv2%2Fcomments&post=57"}],"version-history":[{"count":1,"href":"https:\/\/revodefence.com\/index.php?rest_route=\/wp\/v2\/pages\/57\/revisions"}],"predecessor-version":[{"id":58,"href":"https:\/\/revodefence.com\/index.php?rest_route=\/wp\/v2\/pages\/57\/revisions\/58"}],"wp:attachment":[{"href":"https:\/\/revodefence.com\/index.php?rest_route=%2Fwp%2Fv2%2Fmedia&parent=57"}],"curies":[{"name":"wp","href":"https:\/\/api.w.org\/{rel}","templated":true}]}}